{"id":112,"date":"2021-09-14T17:09:49","date_gmt":"2021-09-14T14:09:49","guid":{"rendered":"http:\/\/cuneytanlayisli.com\/m\/avlu\/?page_id=112"},"modified":"2023-05-04T20:03:28","modified_gmt":"2023-05-04T17:03:28","slug":"iletisim","status":"publish","type":"page","link":"https:\/\/avluyapi.com\/tr\/iletisim\/","title":{"rendered":"\u0130leti\u015fim"},"content":{"rendered":"<h3><strong>\u0130leti\u015fim Formu<\/strong><\/h3>\n<div class=\"wpforms-container wpforms-container-full\" id=\"wpforms-116\"><form id=\"wpforms-form-116\" class=\"wpforms-validate wpforms-form wpforms-ajax-form\" data-formid=\"116\" method=\"post\" enctype=\"multipart\/form-data\" action=\"\/tr\/wp-json\/wp\/v2\/pages\/112\" data-token=\"0b3e7c3d818afe7678025f8125270584\"><noscript class=\"wpforms-error-noscript\">Please enable JavaScript in your browser to complete this form.<\/noscript><div class=\"wpforms-field-container\"><div id=\"wpforms-116-field_0-container\" class=\"wpforms-field wpforms-field-name\" data-field-id=\"0\"><label class=\"wpforms-field-label\" for=\"wpforms-116-field_0\">\u0130sim &amp; Soyisim <span class=\"wpforms-required-label\">*<\/span><\/label><div class=\"wpforms-field-row wpforms-field-large\"><div class=\"wpforms-field-row-block wpforms-first wpforms-one-half\"><input type=\"text\" id=\"wpforms-116-field_0\" class=\"wpforms-field-name-first wpforms-field-required\" name=\"wpforms[fields][0][first]\" placeholder=\"\u0130sim\" required><label for=\"wpforms-116-field_0\" class=\"wpforms-field-sublabel after wpforms-sublabel-hide\">First<\/label><\/div><div class=\"wpforms-field-row-block wpforms-one-half\"><input type=\"text\" id=\"wpforms-116-field_0-last\" class=\"wpforms-field-name-last wpforms-field-required\" name=\"wpforms[fields][0][last]\" placeholder=\"Soyisim\" required><label for=\"wpforms-116-field_0-last\" class=\"wpforms-field-sublabel after wpforms-sublabel-hide\">Last<\/label><\/div><\/div><\/div><div id=\"wpforms-116-field_1-container\" class=\"wpforms-field wpforms-field-email\" data-field-id=\"1\"><label class=\"wpforms-field-label\" for=\"wpforms-116-field_1\">E-Mail Adresiniz <span class=\"wpforms-required-label\">*<\/span><\/label><input type=\"email\" id=\"wpforms-116-field_1\" class=\"wpforms-field-large wpforms-field-required\" name=\"wpforms[fields][1]\" required><\/div><div id=\"wpforms-116-field_2-container\" class=\"wpforms-field wpforms-field-textarea\" data-field-id=\"2\"><label class=\"wpforms-field-label\" for=\"wpforms-116-field_2\">Mesaj\u0131n\u0131z <span class=\"wpforms-required-label\">*<\/span><\/label><textarea id=\"wpforms-116-field_2\" class=\"wpforms-field-medium wpforms-field-required\" name=\"wpforms[fields][2]\" required><\/textarea><\/div><\/div><div class=\"wpforms-submit-container\" ><input type=\"hidden\" name=\"wpforms[id]\" value=\"116\"><input type=\"hidden\" name=\"wpforms[author]\" value=\"1\"><button type=\"submit\" name=\"wpforms[submit]\" class=\"wpforms-submit gonder\" id=\"wpforms-submit-116\" value=\"wpforms-submit\" aria-live=\"assertive\" data-alt-text=\"G\u00f6nderiliyor...\" data-submit-text=\"G\u00f6nder\">G\u00f6nder<\/button><img loading=\"lazy\" decoding=\"async\" src=\"https:\/\/avluyapi.com\/tr\/wp-content\/plugins\/wpforms-lite\/assets\/images\/submit-spin.svg\" class=\"wpforms-submit-spinner\" style=\"display: none;\" width=\"26\" height=\"26\" alt=\"\"><\/div><\/form><\/div>  <!-- .wpforms-container -->\n","protected":false},"excerpt":{"rendered":"<p>\u0130leti\u015fim Formu<\/p>\n","protected":false},"author":1,"featured_media":0,"parent":0,"menu_order":4,"comment_status":"closed","ping_status":"closed","template":"page_iletisim.php","meta":{"_monsterinsights_skip_tracking":false,"_monsterinsights_sitenote_active":false,"_monsterinsights_sitenote_note":"","_monsterinsights_sitenote_category":0,"footnotes":""},"class_list":["post-112","page","type-page","status-publish","hentry"],"_links":{"self":[{"href":"https:\/\/avluyapi.com\/tr\/wp-json\/wp\/v2\/pages\/112","targetHints":{"allow":["GET"]}}],"collection":[{"href":"https:\/\/avluyapi.com\/tr\/wp-json\/wp\/v2\/pages"}],"about":[{"href":"https:\/\/avluyapi.com\/tr\/wp-json\/wp\/v2\/types\/page"}],"author":[{"embeddable":true,"href":"https:\/\/avluyapi.com\/tr\/wp-json\/wp\/v2\/users\/1"}],"replies":[{"embeddable":true,"href":"https:\/\/avluyapi.com\/tr\/wp-json\/wp\/v2\/comments?post=112"}],"version-history":[{"count":13,"href":"https:\/\/avluyapi.com\/tr\/wp-json\/wp\/v2\/pages\/112\/revisions"}],"predecessor-version":[{"id":771,"href":"https:\/\/avluyapi.com\/tr\/wp-json\/wp\/v2\/pages\/112\/revisions\/771"}],"wp:attachment":[{"href":"https:\/\/avluyapi.com\/tr\/wp-json\/wp\/v2\/media?parent=112"}],"curies":[{"name":"wp","href":"https:\/\/api.w.org\/{rel}","templated":true}]}}